{"id":5304,"date":"2022-03-12T19:45:23","date_gmt":"2022-03-12T19:45:23","guid":{"rendered":"https:\/\/www.wtcdehoek.be\/nouveaux-membres\/"},"modified":"2026-02-24T16:40:27","modified_gmt":"2026-02-24T16:40:27","slug":"nouveaux-membres","status":"publish","type":"page","link":"https:\/\/www.wtcdehoek.be\/fr\/nouveaux-membres\/","title":{"rendered":"AFFILIATION"},"content":{"rendered":"<p><div class=\"fusion-fullwidth fullwidth-box fusion-builder-row-1 fusion-parallax-none nonhundred-percent-fullwidth non-hundred-percent-height-scrolling\" style=\"--awb-border-radius-top-left:0px;--awb-border-radius-top-right:0px;--awb-border-radius-bottom-right:0px;--awb-border-radius-bottom-left:0px;--awb-padding-top:6%;--awb-padding-bottom:6%;--awb-background-image:url(&quot;https:\/\/www.wtcdehoek.be\/wp-content\/uploads\/2022\/05\/Groep-crop-Groot-scaled.jpg&quot;);--awb-background-size:cover;--awb-flex-wrap:wrap;\" ><div class=\"fusion-builder-row fusion-row\"><div class=\"fusion-layout-column fusion_builder_column fusion-builder-column-0 fusion_builder_column_1_1 1_1 fusion-one-full fusion-column-first fusion-column-last fusion-animated\" style=\"--awb-bg-size:cover;--awb-margin-bottom:0px;\" data-animationType=\"fadeInDown\" data-animationDuration=\"0.9\" data-animationOffset=\"top-into-view\"><div class=\"fusion-column-wrapper fusion-column-has-shadow fusion-flex-column-wrapper-legacy\"><div class=\"fusion-title title fusion-title-1 fusion-sep-none fusion-title-center fusion-title-text fusion-title-size-one\" style=\"--awb-text-color:#ffffff;--awb-margin-bottom:10px;--awb-margin-bottom-small:10px;--awb-font-size:90px;\"><h1 class=\"fusion-title-heading title-heading-center fusion-responsive-typography-calculated\" style=\"margin:0;font-size:1em;--fontSize:90;line-height:1.1;\">WTC DE HOEK<\/h1><\/div><div class=\"fusion-title title fusion-title-2 fusion-sep-none fusion-title-center fusion-title-text fusion-title-size-two\" style=\"--awb-text-color:#ffffff;--awb-margin-bottom:0px;--awb-margin-bottom-small:0px;--awb-font-size:21px;\"><h2 class=\"fusion-title-heading title-heading-center fusion-responsive-typography-calculated\" style=\"margin:0;font-size:1em;--fontSize:21;--minFontSize:21;line-height:1.5;\">NOUVEAUX MEMBRES<\/h2><\/div><div class=\"fusion-clearfix\"><\/div><\/div><\/div><\/div><\/div><div class=\"fusion-fullwidth fullwidth-box fusion-builder-row-2 nonhundred-percent-fullwidth non-hundred-percent-height-scrolling\" style=\"--awb-border-radius-top-left:0px;--awb-border-radius-top-right:0px;--awb-border-radius-bottom-right:0px;--awb-border-radius-bottom-left:0px;--awb-background-color:#132f51;--awb-flex-wrap:wrap;\" ><div class=\"fusion-builder-row fusion-row\"><div class=\"fusion-layout-column fusion_builder_column fusion-builder-column-1 fusion_builder_column_1_1 1_1 fusion-one-full fusion-column-first fusion-column-last fusion-animated\" style=\"--awb-bg-size:cover;--awb-margin-bottom:0px;\" data-animationType=\"fadeInUp\" data-animationDuration=\"0.9\" data-animationOffset=\"top-into-view\"><div class=\"fusion-column-wrapper fusion-column-has-shadow fusion-flex-column-wrapper-legacy\"><div class=\"fusion-title title fusion-title-3 fusion-sep-none fusion-title-center fusion-title-text fusion-title-size-three\" style=\"--awb-text-color:#ffcd05;--awb-margin-top:20px;--awb-margin-top-small:20px;\"><h3 class=\"fusion-title-heading title-heading-center fusion-responsive-typography-calculated\" style=\"margin:0;--fontSize:20;--minFontSize:20;line-height:1.5;\"><p><strong>Int\u00e9ress\u00e9 par notre club ? Envoyez un courriel \u00e0 <a href=\"mailto:info@wtcdehoek.be\"> info@wtcdehoek.be<\/a> et nous vous aiderons.<br \/>\n<\/strong><\/p><\/h3><\/div><div class=\"fusion-clearfix\"><\/div><\/div><\/div><\/div><\/div><div class=\"fusion-fullwidth fullwidth-box fusion-builder-row-3 nonhundred-percent-fullwidth non-hundred-percent-height-scrolling\" style=\"--awb-background-position:left top;--awb-border-radius-top-left:0px;--awb-border-radius-top-right:0px;--awb-border-radius-bottom-right:0px;--awb-border-radius-bottom-left:0px;--awb-padding-top:35px;--awb-padding-bottom:35px;--awb-flex-wrap:wrap;\" ><div class=\"fusion-builder-row fusion-row\"><div class=\"fusion-layout-column fusion_builder_column fusion-builder-column-2 fusion_builder_column_1_1 1_1 fusion-one-full fusion-column-first fusion-column-last fusion-animated\" style=\"--awb-padding-bottom:40px;--awb-bg-size:cover;--awb-margin-bottom:0px;\" data-animationType=\"fadeInUp\" data-animationDuration=\"1.0\" data-animationOffset=\"top-into-view\"><div class=\"fusion-column-wrapper fusion-column-has-shadow fusion-flex-column-wrapper-legacy\"><div class=\"fusion-title title fusion-title-4 fusion-sep-none fusion-title-center fusion-title-text fusion-title-size-two\" style=\"--awb-margin-bottom:0px;--awb-margin-bottom-small:0px;\"><h2 class=\"fusion-title-heading title-heading-center fusion-responsive-typography-calculated\" style=\"margin:0;--fontSize:30;line-height:1.5;\">NOUVEAUX MEMBRES<\/h2><\/div><div class=\"fusion-sep-clear\"><\/div><div class=\"fusion-separator fusion-full-width-sep\" style=\"margin-left: auto;margin-right: auto;margin-top:35px;width:100%;\"><\/div><div class=\"fusion-sep-clear\"><\/div><div class=\"fusion-clearfix\"><\/div><\/div><\/div><div class=\"fusion-layout-column fusion_builder_column fusion-builder-column-3 fusion_builder_column_1_1 1_1 fusion-one-full fusion-column-first fusion-column-last\" style=\"--awb-bg-size:cover;\"><div class=\"fusion-column-wrapper fusion-column-has-shadow fusion-flex-column-wrapper-legacy\"><div class=\"fusion-text fusion-text-1\" style=\"--awb-text-transform:none;\"><p>Voici quelques informations et lignes directrices.<\/p>\n<p><strong>Les candidats membres doivent d&rsquo;abord contacter le conseil d&rsquo;administration, ou un autre membre, pour conna\u00eetre les dispositions des groupes.<\/strong><\/p>\n<p>&nbsp;<\/p>\n<p>Vous pouvez faire 3 essais, apr\u00e8s quoi nous vous demandons de devenir membre. Ceci pour des raisons d&rsquo;assurance, et bien s\u00fbr par respect pour nos sponsors.<\/p>\n<p>Le d\u00e9part des randonn\u00e9es cyclistes se fait \u00e0 <strong>l&rsquo;\u00e9glise de Rhode-Saint-Gen\u00e8se <\/strong>(Rue du Village). Les heures de d\u00e9part des groupes varient. Il est donc recommand\u00e9, si vous n&rsquo;avez pas encore de programme, de consulter le capitaine de route et\/ou un administrateur.<\/p>\n<p>La <strong>cotisation<\/strong> est de <strong>70 \u20ac,<\/strong> y compris l&rsquo;assurance contre les tiers et 30 \u20ac sous forme de valeur repas pour notre Stoemp.<\/p>\n<p>Attention, il ne s&rsquo;agit pas d&rsquo;une assurance tous risques. En cas d&rsquo;accident, l&rsquo;assurance personnelle de votre famille sera prise en consid\u00e9ration avant que l&rsquo;assurance du club n&rsquo;intervienne.<\/p>\n<p><strong>Les v\u00eatements du club sont obligatoires pour les membres, voir <a href=\"https:\/\/www.wtcdehoek.be\/fr\/club\/equipments\/\">CLUB &#8211; EQUIPEMENT<\/a>.<\/strong><\/p>\n<p>Nous vous souhaitons beaucoup de plaisir \u00e0 v\u00e9lo !<\/p>\n<p>Le Comit\u00e9.<\/p>\n<p>PS : Nous demandons que les cotisations, participations aux sorties, etc&#8230; soient pay\u00e9es<strong> uniquement via notre compte bancaire : BE16 9733 8456 0574.\u00a0<\/strong><\/p>\n<\/div><div class=\"fusion-clearfix\"><\/div><\/div><\/div><\/div><\/div><div class=\"fusion-fullwidth fullwidth-box fusion-builder-row-4 nonhundred-percent-fullwidth non-hundred-percent-height-scrolling\" style=\"--awb-border-radius-top-left:0px;--awb-border-radius-top-right:0px;--awb-border-radius-bottom-right:0px;--awb-border-radius-bottom-left:0px;--awb-background-color:#132f51;--awb-flex-wrap:wrap;\" ><div class=\"fusion-builder-row fusion-row\"><div class=\"fusion-layout-column fusion_builder_column fusion-builder-column-4 fusion_builder_column_1_1 1_1 fusion-one-full fusion-column-first fusion-column-last fusion-column-inner-bg-wrapper fusion-animated\" style=\"--awb-inner-bg-size:cover;--awb-margin-bottom:0px;\" data-animationType=\"fadeInUp\" data-animationDuration=\"0.9\" data-animationOffset=\"top-into-view\"><span class=\"fusion-column-inner-bg hover-type-none\"><a class=\"fusion-column-anchor\" href=\"https:\/\/www.wtcdehoek.be\/fr\/club\/equipments\/\"><span class=\"fusion-column-inner-bg-image\"><\/span><\/a><\/span><div class=\"fusion-column-wrapper fusion-column-has-shadow fusion-flex-column-wrapper-legacy\"><div class=\"fusion-title title fusion-title-5 fusion-sep-none fusion-title-center fusion-title-text fusion-title-size-three\" style=\"--awb-text-color:#ffcd05;--awb-margin-top:20px;--awb-margin-top-small:20px;\"><h3 class=\"fusion-title-heading title-heading-center fusion-responsive-typography-calculated\" style=\"margin:0;--fontSize:20;--minFontSize:20;line-height:1.5;\">V\u00eatements du club obligatoires pour les membres ! Cliquez ici pour plus d&rsquo;informations.<\/h3><\/div><div class=\"fusion-clearfix\"><\/div><\/div><\/div><\/div><\/div><\/p>\n","protected":false},"excerpt":{"rendered":"","protected":false},"author":1,"featured_media":0,"parent":0,"menu_order":0,"comment_status":"closed","ping_status":"closed","template":"100-width.php","meta":{"footnotes":""},"class_list":["post-5304","page","type-page","status-publish","hentry"],"_links":{"self":[{"href":"https:\/\/www.wtcdehoek.be\/fr\/wp-json\/wp\/v2\/pages\/5304","targetHints":{"allow":["GET"]}}],"collection":[{"href":"https:\/\/www.wtcdehoek.be\/fr\/wp-json\/wp\/v2\/pages"}],"about":[{"href":"https:\/\/www.wtcdehoek.be\/fr\/wp-json\/wp\/v2\/types\/page"}],"author":[{"embeddable":true,"href":"https:\/\/www.wtcdehoek.be\/fr\/wp-json\/wp\/v2\/users\/1"}],"replies":[{"embeddable":true,"href":"https:\/\/www.wtcdehoek.be\/fr\/wp-json\/wp\/v2\/comments?post=5304"}],"version-history":[{"count":10,"href":"https:\/\/www.wtcdehoek.be\/fr\/wp-json\/wp\/v2\/pages\/5304\/revisions"}],"predecessor-version":[{"id":5641,"href":"https:\/\/www.wtcdehoek.be\/fr\/wp-json\/wp\/v2\/pages\/5304\/revisions\/5641"}],"wp:attachment":[{"href":"https:\/\/www.wtcdehoek.be\/fr\/wp-json\/wp\/v2\/media?parent=5304"}],"curies":[{"name":"wp","href":"https:\/\/api.w.org\/{rel}","templated":true}]}}