{"id":5191,"date":"2020-07-24T15:50:39","date_gmt":"2020-07-24T15:50:39","guid":{"rendered":"https:\/\/www.wtcdehoek.be\/club\/equipments\/"},"modified":"2026-02-24T17:47:36","modified_gmt":"2026-02-24T17:47:36","slug":"equipments","status":"publish","type":"page","link":"https:\/\/www.wtcdehoek.be\/fr\/club\/equipments\/","title":{"rendered":"\u00c9QUIPEMENT"},"content":{"rendered":"<p><div class=\"fusion-fullwidth fullwidth-box fusion-builder-row-1 fusion-parallax-none nonhundred-percent-fullwidth non-hundred-percent-height-scrolling\" style=\"--awb-border-radius-top-left:0px;--awb-border-radius-top-right:0px;--awb-border-radius-bottom-right:0px;--awb-border-radius-bottom-left:0px;--awb-padding-top:6%;--awb-padding-bottom:6%;--awb-background-image:url(&quot;https:\/\/www.wtcdehoek.be\/wp-content\/uploads\/2022\/05\/Groep-crop-Groot-scaled.jpg&quot;);--awb-background-size:cover;--awb-flex-wrap:wrap;\" ><div class=\"fusion-builder-row fusion-row\"><div class=\"fusion-layout-column fusion_builder_column fusion-builder-column-0 fusion_builder_column_1_1 1_1 fusion-one-full fusion-column-first fusion-column-last fusion-animated\" style=\"--awb-bg-size:cover;--awb-margin-bottom:0px;\" data-animationType=\"fadeInDown\" data-animationDuration=\"0.9\" data-animationOffset=\"top-into-view\"><div class=\"fusion-column-wrapper fusion-column-has-shadow fusion-flex-column-wrapper-legacy\"><div class=\"fusion-title title fusion-title-1 fusion-sep-none fusion-title-center fusion-title-text fusion-title-size-one\" style=\"--awb-text-color:#ffffff;--awb-margin-bottom:10px;--awb-margin-bottom-small:10px;--awb-font-size:90px;\"><h1 class=\"fusion-title-heading title-heading-center fusion-responsive-typography-calculated\" style=\"margin:0;font-size:1em;--fontSize:90;line-height:1.1;\">WTC De Hoek<\/h1><\/div><div class=\"fusion-title title fusion-title-2 fusion-sep-none fusion-title-center fusion-title-text fusion-title-size-two\" style=\"--awb-text-color:#ffffff;--awb-margin-bottom:0px;--awb-margin-bottom-small:0px;--awb-font-size:21px;\"><h2 class=\"fusion-title-heading title-heading-center fusion-responsive-typography-calculated\" style=\"margin:0;font-size:1em;--fontSize:21;--minFontSize:21;line-height:1.5;\">\u00c9QUIPEMENT<\/h2><\/div><div class=\"fusion-clearfix\"><\/div><\/div><\/div><\/div><\/div><div class=\"fusion-fullwidth fullwidth-box fusion-builder-row-2 nonhundred-percent-fullwidth non-hundred-percent-height-scrolling\" style=\"--awb-border-radius-top-left:0px;--awb-border-radius-top-right:0px;--awb-border-radius-bottom-right:0px;--awb-border-radius-bottom-left:0px;--awb-background-color:#132f51;--awb-flex-wrap:wrap;\" ><div class=\"fusion-builder-row fusion-row\"><div class=\"fusion-layout-column fusion_builder_column fusion-builder-column-1 fusion_builder_column_1_1 1_1 fusion-one-full fusion-column-first fusion-column-last fusion-animated\" style=\"--awb-bg-size:cover;--awb-margin-bottom:0px;\" data-animationType=\"fadeInUp\" data-animationDuration=\"0.9\" data-animationOffset=\"top-into-view\"><div class=\"fusion-column-wrapper fusion-column-has-shadow fusion-flex-column-wrapper-legacy\"><div class=\"fusion-title title fusion-title-3 fusion-sep-none fusion-title-center fusion-title-text fusion-title-size-three\" style=\"--awb-text-color:#ffcd05;--awb-margin-top:20px;--awb-margin-top-small:20px;\"><h3 class=\"fusion-title-heading title-heading-center fusion-responsive-typography-calculated\" style=\"margin:0;--fontSize:20;--minFontSize:20;line-height:1.5;\">Lors des randonn\u00e9es et sorties communes, chaque membre doit porter l\u2019\u00e9quipement du club.<\/h3><\/div><div class=\"fusion-clearfix\"><\/div><\/div><\/div><\/div><\/div><div class=\"fusion-fullwidth fullwidth-box fusion-builder-row-3 nonhundred-percent-fullwidth non-hundred-percent-height-scrolling\" style=\"--awb-background-position:left top;--awb-border-radius-top-left:0px;--awb-border-radius-top-right:0px;--awb-border-radius-bottom-right:0px;--awb-border-radius-bottom-left:0px;--awb-padding-top:70px;--awb-padding-bottom:35px;--awb-flex-wrap:wrap;\" ><div class=\"fusion-builder-row fusion-row\"><div class=\"fusion-layout-column fusion_builder_column fusion-builder-column-2 fusion_builder_column_1_2 1_2 fusion-one-half fusion-column-first fusion-animated\" style=\"--awb-padding-bottom:40px;--awb-bg-size:cover;--awb-margin-bottom:0px;width:50%;width:calc(50% - ( ( 4% ) * 0.5 ) );margin-right: 4%;\" data-animationType=\"fadeInUp\" data-animationDuration=\"1.0\" data-animationOffset=\"top-into-view\"><div class=\"fusion-column-wrapper fusion-column-has-shadow fusion-flex-column-wrapper-legacy\"><div class=\"fusion-title title fusion-title-4 fusion-sep-none fusion-title-text fusion-title-size-two\" style=\"--awb-margin-bottom:0px;--awb-margin-bottom-small:0px;\"><h2 class=\"fusion-title-heading title-heading-left fusion-responsive-typography-calculated\" style=\"margin:0;--fontSize:30;line-height:1.5;\">\u00c9QUIPEMENT DU CLUB<\/h2><\/div><div class=\"fusion-text fusion-text-1\" style=\"--awb-text-transform:none;\"><p>Le Comit\u00e9 s&rsquo;engage aupr\u00e8s de nos sponsors.<\/p>\n<p>Nous attendons donc de tous les membres qu&rsquo;ils portent les v\u00eatements sponsoris\u00e9s, au moins le maillot et le pantalon, pendant la saison (de d\u00e9but mars \u00e0 d\u00e9but octobre).<\/p>\n<\/div><div class=\"fusion-sep-clear\"><\/div><div class=\"fusion-separator fusion-full-width-sep\" style=\"margin-left: auto;margin-right: auto;margin-top:35px;width:100%;\"><\/div><div class=\"fusion-sep-clear\"><\/div><div class=\"fusion-title title fusion-title-5 fusion-sep-none fusion-title-text fusion-title-size-two\" style=\"--awb-margin-bottom:0px;--awb-margin-bottom-small:0px;\"><h2 class=\"fusion-title-heading title-heading-left fusion-responsive-typography-calculated\" style=\"margin:0;--fontSize:30;line-height:1.5;\">NOUVEAUX MEMBRES<\/h2><\/div><div class=\"fusion-text fusion-text-2\" style=\"--awb-text-transform:none;\"><p>Les nouveaux membres portent \u00e9galement les v\u00eatements du club et doivent acheter au moins un maillot d&rsquo;\u00e9t\u00e9 et un short.<\/p>\n<\/div><div class=\"fusion-sep-clear\"><\/div><div class=\"fusion-separator fusion-full-width-sep\" style=\"margin-left: auto;margin-right: auto;margin-top:35px;width:100%;\"><\/div><div class=\"fusion-sep-clear\"><\/div><div class=\"fusion-title title fusion-title-6 fusion-sep-none fusion-title-text fusion-title-size-two\" style=\"--awb-margin-bottom:0px;--awb-margin-bottom-small:0px;\"><h2 class=\"fusion-title-heading title-heading-left fusion-responsive-typography-calculated\" style=\"margin:0;--fontSize:30;line-height:1.5;\">COMMANDES<\/h2><\/div><div class=\"fusion-text fusion-text-3\" style=\"--awb-text-transform:none;\"><p>Contactez notre secr\u00e9taire Guy Stoffels au 0494\/34.56.23<br \/>ou par <a href=\"mailto:stoffels.guy@gmail.com\">courriel.<\/a><\/p>\n<p><strong>Les commandes doivent \u00eatre pay\u00e9es \u00e0 l&rsquo;avance.<\/strong><\/p>\n<p>Compte du Club : <strong>BE16 9733 8456 0574 <\/strong><br \/>(toujours mentionner un message clair)<\/p>\n<p>Le Comit\u00e9<\/p>\n<\/div><div class=\"fusion-sep-clear\"><\/div><div class=\"fusion-separator fusion-full-width-sep\" style=\"margin-left: auto;margin-right: auto;margin-top:35px;width:100%;\"><\/div><div class=\"fusion-sep-clear\"><\/div><div class=\"fusion-clearfix\"><\/div><\/div><\/div><div class=\"fusion-layout-column fusion_builder_column fusion-builder-column-3 fusion_builder_column_1_2 1_2 fusion-one-half fusion-column-last fusion-animated\" style=\"--awb-padding-bottom:40px;--awb-bg-size:cover;--awb-margin-bottom:0px;width:50%;width:calc(50% - ( ( 4% ) * 0.5 ) );\" data-animationType=\"fadeInUp\" data-animationDuration=\"1.0\" data-animationOffset=\"top-into-view\"><div class=\"fusion-column-wrapper fusion-column-has-shadow fusion-flex-column-wrapper-legacy\"><div class=\"fusion-text fusion-text-4\" style=\"--awb-text-transform:none;\"><p><a href=\"https:\/\/www.kalas.be\/maattabel\/\"><img decoding=\"async\" class=\"size-full wp-image-5181 aligncenter\" src=\"https:\/\/www.wtcdehoek.be\/wp-content\/uploads\/2024\/12\/KALAS-Logo-e1735250536396.png\" alt=\"\" width=\"150\" height=\"83\" \/><\/a><\/p>\n<table style=\"height: 416px;\" border=\"1\" width=\"583\" cellspacing=\"0\">\n<tbody>\n<tr>\n<td style=\"text-align: center;\" width=\"70%\"><strong>Description<\/strong><\/td>\n<td style=\"text-align: center;\" width=\"30%\"><strong>Prix Pi\u00e8ce<br \/>\n<\/strong><\/td>\n<\/tr>\n<tr>\n<td>\u00a0 Maillot <em>manches courtes<\/em> &#8211; longue tirette<\/td>\n<td style=\"text-align: center;\">\u20ac 50<\/td>\n<\/tr>\n<tr>\n<td>\u00a0 Maillot <em>manches longues<\/em> &#8211; longue tirette<\/td>\n<td style=\"text-align: center;\">\u20ac 60,50<\/td>\n<\/tr>\n<tr>\n<td>\u00a0 Cuissard \u00e0 bretelles <em>court avec peau de chamois<\/em><\/td>\n<td style=\"text-align: center;\">\u20ac 64<\/td>\n<\/tr>\n<tr>\n<td>\u00a0 Cuissard \u00e0 bretelles <em>court avec peau de chamois PRO<br \/>\n<\/em><\/td>\n<td style=\"text-align: center;\">\u20ac 85<\/td>\n<\/tr>\n<tr>\n<td>\u00a0 Cuissard \u00e0 bretelles <em>long avec peau de chamois<\/em><\/td>\n<td style=\"text-align: center;\">\u20ac 84<\/td>\n<\/tr>\n<tr>\n<td>\u00a0 Cuissard \u00e0 bretelles <em>long sans peau de chamois<\/em><\/td>\n<td style=\"text-align: center;\">\u20ac 68<\/td>\n<\/tr>\n<tr>\n<td>\u00a0<em> Cuissard \u00e0 bretelles 3\/4 avec peau de chamois<\/em><\/td>\n<td style=\"text-align: center;\">\u20ac 75<\/td>\n<\/tr>\n<tr>\n<td>\u00a0 Coupe-vent avec poches<\/td>\n<td style=\"text-align: center;\">\u20ac 60,50<\/td>\n<\/tr>\n<tr>\n<td>\u00a0 Veste cycliste <em>\u00e0 manches longues<\/em><\/td>\n<td style=\"text-align: center;\">\u20ac 109<\/td>\n<\/tr>\n<tr>\n<td>\u00a0 Veste cycliste <em>d&rsquo;hiver<\/em><\/td>\n<td style=\"text-align: center;\">\u20ac 115,50<\/td>\n<\/tr>\n<tr>\n<td>\u00a0 Manchettes (2)<\/td>\n<td style=\"text-align: center;\">\u20ac 24<\/td>\n<\/tr>\n<tr>\n<td>\u00a0 Jambi\u00e8res (2)<\/td>\n<td style=\"text-align: center;\">\u20ac 28<\/td>\n<\/tr>\n<\/tbody>\n<\/table>\n<\/div><div class=\"fusion-sep-clear\"><\/div><div class=\"fusion-separator fusion-full-width-sep\" style=\"margin-left: auto;margin-right: auto;margin-top:35px;width:100%;\"><\/div><div class=\"fusion-sep-clear\"><\/div><div class=\"fusion-text fusion-text-5\" style=\"--awb-text-transform:none;\"><p>Des commandes group\u00e9es sont toujours possibles, avec des quantit\u00e9s limit\u00e9es.<br \/>Envoyez votre demande \u00e0 notre secr\u00e9taire qui y donnera suite.<\/p>\n<\/div><div class=\"fusion-clearfix\"><\/div><\/div><\/div><\/div><\/div><\/p>\n","protected":false},"excerpt":{"rendered":"","protected":false},"author":1,"featured_media":0,"parent":5119,"menu_order":0,"comment_status":"closed","ping_status":"closed","template":"100-width.php","meta":{"footnotes":""},"class_list":["post-5191","page","type-page","status-publish","hentry"],"_links":{"self":[{"href":"https:\/\/www.wtcdehoek.be\/fr\/wp-json\/wp\/v2\/pages\/5191","targetHints":{"allow":["GET"]}}],"collection":[{"href":"https:\/\/www.wtcdehoek.be\/fr\/wp-json\/wp\/v2\/pages"}],"about":[{"href":"https:\/\/www.wtcdehoek.be\/fr\/wp-json\/wp\/v2\/types\/page"}],"author":[{"embeddable":true,"href":"https:\/\/www.wtcdehoek.be\/fr\/wp-json\/wp\/v2\/users\/1"}],"replies":[{"embeddable":true,"href":"https:\/\/www.wtcdehoek.be\/fr\/wp-json\/wp\/v2\/comments?post=5191"}],"version-history":[{"count":21,"href":"https:\/\/www.wtcdehoek.be\/fr\/wp-json\/wp\/v2\/pages\/5191\/revisions"}],"predecessor-version":[{"id":5703,"href":"https:\/\/www.wtcdehoek.be\/fr\/wp-json\/wp\/v2\/pages\/5191\/revisions\/5703"}],"up":[{"embeddable":true,"href":"https:\/\/www.wtcdehoek.be\/fr\/wp-json\/wp\/v2\/pages\/5119"}],"wp:attachment":[{"href":"https:\/\/www.wtcdehoek.be\/fr\/wp-json\/wp\/v2\/media?parent=5191"}],"curies":[{"name":"wp","href":"https:\/\/api.w.org\/{rel}","templated":true}]}}