{"id":5156,"date":"2020-07-24T15:36:11","date_gmt":"2020-07-24T15:36:11","guid":{"rendered":"https:\/\/www.wtcdehoek.be\/club\/info-membres\/"},"modified":"2026-02-24T16:50:41","modified_gmt":"2026-02-24T16:50:41","slug":"info-membres","status":"publish","type":"page","link":"https:\/\/www.wtcdehoek.be\/fr\/club\/info-membres\/","title":{"rendered":"INFO MEMBRES"},"content":{"rendered":"<p><div class=\"fusion-fullwidth fullwidth-box fusion-builder-row-1 fusion-parallax-none nonhundred-percent-fullwidth non-hundred-percent-height-scrolling\" style=\"--awb-border-radius-top-left:0px;--awb-border-radius-top-right:0px;--awb-border-radius-bottom-right:0px;--awb-border-radius-bottom-left:0px;--awb-padding-top:6%;--awb-padding-bottom:6%;--awb-background-image:url(&quot;https:\/\/www.wtcdehoek.be\/wp-content\/uploads\/2022\/05\/Groep-crop-Groot-scaled.jpg&quot;);--awb-background-size:cover;--awb-flex-wrap:wrap;\" ><div class=\"fusion-builder-row fusion-row\"><div class=\"fusion-layout-column fusion_builder_column fusion-builder-column-0 fusion_builder_column_1_1 1_1 fusion-one-full fusion-column-first fusion-column-last fusion-animated\" style=\"--awb-bg-size:cover;--awb-margin-bottom:0px;\" data-animationType=\"fadeInDown\" data-animationDuration=\"0.9\" data-animationOffset=\"top-into-view\"><div class=\"fusion-column-wrapper fusion-column-has-shadow fusion-flex-column-wrapper-legacy\"><div class=\"fusion-title title fusion-title-1 fusion-sep-none fusion-title-center fusion-title-text fusion-title-size-one\" style=\"--awb-text-color:#ffffff;--awb-margin-bottom:10px;--awb-margin-bottom-small:10px;--awb-font-size:90px;\"><h1 class=\"fusion-title-heading title-heading-center fusion-responsive-typography-calculated\" style=\"margin:0;font-size:1em;--fontSize:90;line-height:1.1;\">WTC DE HOEK<\/h1><\/div><div class=\"fusion-title title fusion-title-2 fusion-sep-none fusion-title-center fusion-title-text fusion-title-size-two\" style=\"--awb-text-color:#ffffff;--awb-margin-bottom:0px;--awb-margin-bottom-small:0px;--awb-font-size:21px;\"><h2 class=\"fusion-title-heading title-heading-center fusion-responsive-typography-calculated\" style=\"margin:0;font-size:1em;--fontSize:21;--minFontSize:21;line-height:1.5;\">INFO MEMBRES<\/h2><\/div><div class=\"fusion-clearfix\"><\/div><\/div><\/div><\/div><\/div><div class=\"fusion-fullwidth fullwidth-box fusion-builder-row-2 nonhundred-percent-fullwidth non-hundred-percent-height-scrolling\" style=\"--awb-background-position:left top;--awb-border-radius-top-left:0px;--awb-border-radius-top-right:0px;--awb-border-radius-bottom-right:0px;--awb-border-radius-bottom-left:0px;--awb-padding-top:70px;--awb-padding-bottom:35px;--awb-flex-wrap:wrap;\" ><div class=\"fusion-builder-row fusion-row\"><div class=\"fusion-layout-column fusion_builder_column fusion-builder-column-1 fusion_builder_column_1_2 1_2 fusion-one-half fusion-column-first fusion-animated\" style=\"--awb-padding-bottom:40px;--awb-bg-size:cover;--awb-margin-bottom:0px;width:50%;width:calc(50% - ( ( 4% ) * 0.5 ) );margin-right: 4%;\" data-animationType=\"fadeInUp\" data-animationDuration=\"1.0\" data-animationOffset=\"top-into-view\"><div class=\"fusion-column-wrapper fusion-column-has-shadow fusion-flex-column-wrapper-legacy\"><div class=\"fusion-title title fusion-title-3 fusion-sep-none fusion-title-center fusion-title-text fusion-title-size-two\" style=\"--awb-margin-bottom:0px;--awb-margin-bottom-small:0px;\"><h2 class=\"fusion-title-heading title-heading-center fusion-responsive-typography-calculated\" style=\"margin:0;--fontSize:30;line-height:1.5;\">INFORMATION G\u00c9N\u00c9RALE<\/h2><\/div><div class=\"fusion-sep-clear\"><\/div><div class=\"fusion-separator fusion-full-width-sep\" style=\"margin-left: auto;margin-right: auto;margin-top:35px;width:100%;\"><\/div><div class=\"fusion-sep-clear\"><\/div><div class=\"fusion-text fusion-text-1\" style=\"--awb-text-transform:none;\"><table border=\"0\" width=\"100%\">\n<tbody>\n<tr>\n<td width=\"35%\">Num\u00e9ro de Compte<\/td>\n<td width=\"5%\">:<\/td>\n<td width=\"60%\"><strong>BE16 9733 8456 0574<\/strong><\/td>\n<\/tr>\n<tr>\n<td>Cotisation<\/td>\n<td>:<\/td>\n<td><b>70 EUR\u00a0<\/b><\/td>\n<\/tr>\n<tr>\n<td valign=\"top\">Local<\/td>\n<td valign=\"top\">:<\/td>\n<td><b>Kwadeplas<br \/><\/b><\/td>\n<\/tr>\n<tr>\n<td>Num\u00e9ro d&rsquo;entreprise<\/td>\n<td>:<\/td>\n<td>0456.190.010<\/td>\n<\/tr>\n<tr>\n<td>Si\u00e8ge social<\/td>\n<td>:<\/td>\n<td>Bosstraat 8<br \/>1640 Sint-Genesius-Rode<\/td>\n<\/tr>\n<\/tbody>\n<\/table>\n<\/div><div class=\"fusion-clearfix\"><\/div><\/div><\/div><div class=\"fusion-layout-column fusion_builder_column fusion-builder-column-2 fusion_builder_column_1_2 1_2 fusion-one-half fusion-column-last fusion-animated\" style=\"--awb-padding-bottom:40px;--awb-bg-size:cover;--awb-margin-bottom:0px;width:50%;width:calc(50% - ( ( 4% ) * 0.5 ) );\" data-animationType=\"fadeInUp\" data-animationDuration=\"1.0\" data-animationOffset=\"top-into-view\"><div class=\"fusion-column-wrapper fusion-column-has-shadow fusion-flex-column-wrapper-legacy\"><div class=\"fusion-title title fusion-title-4 fusion-sep-none fusion-title-center fusion-title-text fusion-title-size-two\" style=\"--awb-margin-bottom:0px;--awb-margin-bottom-small:0px;\"><h2 class=\"fusion-title-heading title-heading-center fusion-responsive-typography-calculated\" style=\"margin:0;--fontSize:30;line-height:1.5;\">ASSURANCE<\/h2><\/div><div class=\"fusion-sep-clear\"><\/div><div class=\"fusion-separator fusion-full-width-sep\" style=\"margin-left: auto;margin-right: auto;margin-top:25px;width:100%;\"><\/div><div class=\"fusion-sep-clear\"><\/div><div class=\"fusion-text fusion-text-2\" style=\"--awb-text-transform:none;\"><p><strong>Important ! <\/strong>N&rsquo;envoyez pas les formulaires remplis \u00e0 la compagnie d&rsquo;assurance, remettez-les uniquement au secr\u00e9tariat ou le Comit\u00e9 !<\/p>\n<p>Le num\u00e9ro de police de notre compagnie d&rsquo;assurance est le <strong>0028682071<\/strong>.<\/p>\n<\/div><div class=\"fusion-align-block\"><a class=\"fusion-button button-flat button-medium button-lightgray fusion-button-lightgray button-1 fusion-button-span-yes fusion-button-default-type\" target=\"_self\" href=\"https:\/\/www.wtcdehoek.be\/wp-content\/uploads\/2020\/07\/Schadeaangifte-lichamelijk-ongeval.pdf\"><span class=\"fusion-button-text awb-button__text awb-button__text--default\">D\u00e9claration d&rsquo;accident corporel<\/span><\/a><\/div><div class=\"fusion-sep-clear\"><\/div><div class=\"fusion-separator fusion-full-width-sep\" style=\"margin-left: auto;margin-right: auto;margin-top:8px;width:100%;\"><\/div><div class=\"fusion-sep-clear\"><\/div><div class=\"fusion-align-block\"><a class=\"fusion-button button-flat button-medium button-lightgray fusion-button-lightgray button-2 fusion-button-span-yes fusion-button-default-type\" target=\"_self\" href=\"https:\/\/www.wtcdehoek.be\/wp-content\/uploads\/2020\/07\/Aangifte-van-een-ongeval-met-derden.pdf\"><span class=\"fusion-button-text awb-button__text awb-button__text--default\">D\u00e9claration d&rsquo;accident \u00e0 des tiers<\/span><\/a><\/div><div class=\"fusion-clearfix\"><\/div><\/div><\/div><\/div><\/div><\/p>\n","protected":false},"excerpt":{"rendered":"","protected":false},"author":1,"featured_media":0,"parent":5119,"menu_order":0,"comment_status":"closed","ping_status":"closed","template":"100-width.php","meta":{"footnotes":""},"class_list":["post-5156","page","type-page","status-publish","hentry"],"_links":{"self":[{"href":"https:\/\/www.wtcdehoek.be\/fr\/wp-json\/wp\/v2\/pages\/5156","targetHints":{"allow":["GET"]}}],"collection":[{"href":"https:\/\/www.wtcdehoek.be\/fr\/wp-json\/wp\/v2\/pages"}],"about":[{"href":"https:\/\/www.wtcdehoek.be\/fr\/wp-json\/wp\/v2\/types\/page"}],"author":[{"embeddable":true,"href":"https:\/\/www.wtcdehoek.be\/fr\/wp-json\/wp\/v2\/users\/1"}],"replies":[{"embeddable":true,"href":"https:\/\/www.wtcdehoek.be\/fr\/wp-json\/wp\/v2\/comments?post=5156"}],"version-history":[{"count":10,"href":"https:\/\/www.wtcdehoek.be\/fr\/wp-json\/wp\/v2\/pages\/5156\/revisions"}],"predecessor-version":[{"id":5662,"href":"https:\/\/www.wtcdehoek.be\/fr\/wp-json\/wp\/v2\/pages\/5156\/revisions\/5662"}],"up":[{"embeddable":true,"href":"https:\/\/www.wtcdehoek.be\/fr\/wp-json\/wp\/v2\/pages\/5119"}],"wp:attachment":[{"href":"https:\/\/www.wtcdehoek.be\/fr\/wp-json\/wp\/v2\/media?parent=5156"}],"curies":[{"name":"wp","href":"https:\/\/api.w.org\/{rel}","templated":true}]}}