{"id":5150,"date":"2020-07-24T15:23:35","date_gmt":"2020-07-24T15:23:35","guid":{"rendered":"https:\/\/www.wtcdehoek.be\/club\/reglement\/"},"modified":"2024-12-27T20:08:29","modified_gmt":"2024-12-27T20:08:29","slug":"reglement","status":"publish","type":"page","link":"https:\/\/www.wtcdehoek.be\/fr\/club\/reglement\/","title":{"rendered":"R\u00c8GLEMENT"},"content":{"rendered":"<p><div class=\"fusion-fullwidth fullwidth-box fusion-builder-row-1 fusion-parallax-none nonhundred-percent-fullwidth non-hundred-percent-height-scrolling\" style=\"--awb-border-radius-top-left:0px;--awb-border-radius-top-right:0px;--awb-border-radius-bottom-right:0px;--awb-border-radius-bottom-left:0px;--awb-padding-top:6%;--awb-padding-bottom:6%;--awb-background-image:url(&quot;https:\/\/www.wtcdehoek.be\/wp-content\/uploads\/2022\/05\/Groep-crop-Groot-scaled.jpg&quot;);--awb-background-size:cover;--awb-flex-wrap:wrap;\" ><div class=\"fusion-builder-row fusion-row\"><div class=\"fusion-layout-column fusion_builder_column fusion-builder-column-0 fusion_builder_column_1_1 1_1 fusion-one-full fusion-column-first fusion-column-last fusion-animated\" style=\"--awb-bg-size:cover;--awb-margin-bottom:0px;\" data-animationType=\"fadeInDown\" data-animationDuration=\"0.9\" data-animationOffset=\"top-into-view\"><div class=\"fusion-column-wrapper fusion-column-has-shadow fusion-flex-column-wrapper-legacy\"><div class=\"fusion-title title fusion-title-1 fusion-sep-none fusion-title-center fusion-title-text fusion-title-size-one\" style=\"--awb-text-color:#ffffff;--awb-margin-bottom:10px;--awb-margin-bottom-small:10px;--awb-font-size:90px;\"><h1 class=\"fusion-title-heading title-heading-center fusion-responsive-typography-calculated\" style=\"margin:0;font-size:1em;--fontSize:90;line-height:1.1;\">WTC De Hoek<\/h1><\/div><div class=\"fusion-title title fusion-title-2 fusion-sep-none fusion-title-center fusion-title-text fusion-title-size-two\" style=\"--awb-text-color:#ffffff;--awb-margin-bottom:0px;--awb-margin-bottom-small:0px;--awb-font-size:21px;\"><h2 class=\"fusion-title-heading title-heading-center fusion-responsive-typography-calculated\" style=\"margin:0;font-size:1em;--fontSize:21;--minFontSize:21;line-height:1.5;\">R\u00c8GLEMENT<\/h2><\/div><div class=\"fusion-clearfix\"><\/div><\/div><\/div><\/div><\/div><div class=\"fusion-fullwidth fullwidth-box fusion-builder-row-2 nonhundred-percent-fullwidth non-hundred-percent-height-scrolling\" style=\"--awb-background-position:left top;--awb-border-radius-top-left:0px;--awb-border-radius-top-right:0px;--awb-border-radius-bottom-right:0px;--awb-border-radius-bottom-left:0px;--awb-padding-top:70px;--awb-padding-bottom:35px;--awb-flex-wrap:wrap;\" ><div class=\"fusion-builder-row fusion-row\"><div class=\"fusion-layout-column fusion_builder_column fusion-builder-column-1 fusion_builder_column_1_1 1_1 fusion-one-full fusion-column-first fusion-column-last fusion-animated\" style=\"--awb-padding-bottom:40px;--awb-bg-size:cover;--awb-margin-bottom:0px;\" data-animationType=\"fadeInUp\" data-animationDuration=\"1.0\" data-animationOffset=\"top-into-view\"><div class=\"fusion-column-wrapper fusion-column-has-shadow fusion-flex-column-wrapper-legacy\"><div class=\"fusion-title title fusion-title-3 fusion-sep-none fusion-title-center fusion-title-text fusion-title-size-two\" style=\"--awb-margin-bottom:0px;--awb-margin-bottom-small:0px;\"><h2 class=\"fusion-title-heading title-heading-center fusion-responsive-typography-calculated\" style=\"margin:0;--fontSize:30;line-height:1.5;\">R\u00c8GLEMENT<\/h2><\/div><div class=\"fusion-sep-clear\"><\/div><div class=\"fusion-separator fusion-full-width-sep\" style=\"margin-left: auto;margin-right: auto;margin-top:35px;width:100%;\"><\/div><div class=\"fusion-sep-clear\"><\/div><div class=\"fusion-text fusion-text-1\" style=\"--awb-text-transform:none;\"><p style=\"text-align: center;\"><strong>Article 1<\/strong><\/p>\n<p style=\"text-align: center;\">Les membres d\u00e9clarent que par leur adh\u00e9sion, ils acceptent automatiquement le r\u00e8glement int\u00e9rieur. Ils participent volontairement aux activit\u00e9s de l&rsquo;association.<\/p>\n<p style=\"text-align: center;\">\n<p style=\"text-align: center;\"><strong>Article 2<\/strong><\/p>\n<p style=\"text-align: center;\">La cotisation comprend les frais administratifs et la participation aux activit\u00e9s r\u00e9guli\u00e8res.<\/p>\n<p style=\"text-align: center;\">Une cotisation suppl\u00e9mentaire peut \u00eatre demand\u00e9e pour certaines activit\u00e9s.<\/p>\n<p style=\"text-align: center;\">La cotisation est indivisible et non remboursable.<\/p>\n<p style=\"text-align: center;\">\n<p style=\"text-align: center;\"><strong>Article 3<\/strong><\/p>\n<p style=\"text-align: center;\">La cotisation annuelle minimale est fix\u00e9e par l&rsquo;assembl\u00e9e g\u00e9n\u00e9rale de l&rsquo;ASBL et annonc\u00e9e par les canaux de communication habituels.<\/p>\n<p style=\"text-align: center;\">Le non-paiement de la cotisation entra\u00eene automatiquement la d\u00e9mission du club.<\/p>\n<p style=\"text-align: center;\">\n<p style=\"text-align: center;\"><strong>Article 4<\/strong><\/p>\n<p style=\"text-align: center;\">Toute adh\u00e9sion doit \u00eatre soumise et approuv\u00e9e par le Comit\u00e9.<\/p>\n<p style=\"text-align: center;\">\n<p style=\"text-align: center;\"><strong>Article 5<\/strong><\/p>\n<p style=\"text-align: center;\">L&rsquo;\u00e2ge minimum pour devenir membre est de 12 ans. Les membres mineurs (-18 ans) ne peuvent \u00eatre admis qu&rsquo;avec l&rsquo;autorisation \u00e9crite des parents, du tuteur ou du titulaire de l&rsquo;autorit\u00e9 parentale et sous leur enti\u00e8re responsabilit\u00e9.<\/p>\n<p style=\"text-align: center;\">\n<p style=\"text-align: center;\"><strong>Article 6<\/strong><\/p>\n<p style=\"text-align: center;\">Chaque participant est pr\u00e9sum\u00e9 \u00eatre m\u00e9dicalement apte, de participer aux activit\u00e9s avec un mat\u00e9riel en bon \u00e9tat et de disposer d&rsquo;une assurance responsabilit\u00e9 civile ad\u00e9quate.<\/p>\n<p style=\"text-align: center;\">\n<p style=\"text-align: center;\"><strong>Article 7<\/strong><\/p>\n<p style=\"text-align: center;\">Les participants sont tenus de respecter strictement le code de la route et de suivre les instructions des capitaines de route. Il en va de m\u00eame pour la vitesse \u00e0 respecter.<\/p>\n<p style=\"text-align: center;\">\n<p style=\"text-align: center;\"><strong>Article 8<\/strong><\/p>\n<p style=\"text-align: center;\">Lors des randonn\u00e9es et sorties communes, chaque membre doit porter l&rsquo;\u00e9quipement du club.<\/p>\n<p style=\"text-align: center;\">\n<p style=\"text-align: center;\"><strong>Article 9<\/strong><\/p>\n<p style=\"text-align: center;\">Le Comit\u00e9 demande avec insistance \u00e0 chacun de porter un casque lors de toutes les randonn\u00e9es. En dehors de la protection suppl\u00e9mentaire, l&rsquo;assurance ne couvrira aucune indemnit\u00e9 en cas de blessure \u00e0 la t\u00eate s&rsquo;il s&rsquo;av\u00e8re que le casque n&rsquo;a pas \u00e9t\u00e9 port\u00e9.<\/p>\n<p style=\"text-align: center;\"><strong>\u00a0<\/strong><\/p>\n<p style=\"text-align: center;\"><strong>Article 10<\/strong><\/p>\n<p style=\"text-align: center;\">Lors des sorties en commun, chaque membre se comporte respectueux envers les autres participants, des usagers de la route, des tiers et de la nature.<\/p>\n<p style=\"text-align: center;\">\n<p style=\"text-align: center;\"><strong>Article 11<\/strong><\/p>\n<p style=\"text-align: center;\">Les non-membres du club accompagnent \u00e0 leurs risques et p\u00e9rils. Ils ne peuvent se joindre qu&rsquo;\u00e0 l&rsquo;arri\u00e8re du groupe.<\/p>\n<p style=\"text-align: center;\">Il incombe au capitaine de route de veiller \u00e0 ce que les non-membres du club roulent \u00e0 l&rsquo;arri\u00e8re du groupe et non entre les membres du club. Il en va de la s\u00e9curit\u00e9 de tous les membres du club.<\/p>\n<p style=\"text-align: center;\">\n<p style=\"text-align: center;\"><strong>Article 12<\/strong><\/p>\n<p style=\"text-align: center;\">Le WTC De Hoek ou son Comit\u00e9 n&rsquo;assument pas la moindre responsabilit\u00e9 responsabilit\u00e9 pour toute faute commise par l&rsquo;un de ses membres, ou d&rsquo;un accident, d&rsquo;une erreur ou d&rsquo;une activit\u00e9. Les membres du club ou les tiers ne peuvent donc jamais tenir l&rsquo;association ou le Comit\u00e9 pour responsables.<\/p>\n<p style=\"text-align: center;\">\n<p style=\"text-align: center;\"><strong>Article 13<\/strong><\/p>\n<p style=\"text-align: center;\">En cas de non-respect du r\u00e8glement d&rsquo;ordre int\u00e9rieur, le conseil d&rsquo;administration peut prendre des sanctions, pouvant aller jusqu&rsquo;\u00e0 l&rsquo;exclusion du club.<\/p>\n<\/div><div class=\"fusion-clearfix\"><\/div><\/div><\/div><\/div><\/div><\/p>\n","protected":false},"excerpt":{"rendered":"","protected":false},"author":1,"featured_media":0,"parent":5119,"menu_order":0,"comment_status":"closed","ping_status":"closed","template":"100-width.php","meta":{"footnotes":""},"class_list":["post-5150","page","type-page","status-publish","hentry"],"_links":{"self":[{"href":"https:\/\/www.wtcdehoek.be\/fr\/wp-json\/wp\/v2\/pages\/5150","targetHints":{"allow":["GET"]}}],"collection":[{"href":"https:\/\/www.wtcdehoek.be\/fr\/wp-json\/wp\/v2\/pages"}],"about":[{"href":"https:\/\/www.wtcdehoek.be\/fr\/wp-json\/wp\/v2\/types\/page"}],"author":[{"embeddable":true,"href":"https:\/\/www.wtcdehoek.be\/fr\/wp-json\/wp\/v2\/users\/1"}],"replies":[{"embeddable":true,"href":"https:\/\/www.wtcdehoek.be\/fr\/wp-json\/wp\/v2\/comments?post=5150"}],"version-history":[{"count":5,"href":"https:\/\/www.wtcdehoek.be\/fr\/wp-json\/wp\/v2\/pages\/5150\/revisions"}],"predecessor-version":[{"id":5279,"href":"https:\/\/www.wtcdehoek.be\/fr\/wp-json\/wp\/v2\/pages\/5150\/revisions\/5279"}],"up":[{"embeddable":true,"href":"https:\/\/www.wtcdehoek.be\/fr\/wp-json\/wp\/v2\/pages\/5119"}],"wp:attachment":[{"href":"https:\/\/www.wtcdehoek.be\/fr\/wp-json\/wp\/v2\/media?parent=5150"}],"curies":[{"name":"wp","href":"https:\/\/api.w.org\/{rel}","templated":true}]}}