{"id":5138,"date":"2019-10-22T07:16:43","date_gmt":"2019-10-22T07:16:43","guid":{"rendered":"https:\/\/www.wtcdehoek.be\/club\/histoire\/"},"modified":"2024-12-27T20:07:48","modified_gmt":"2024-12-27T20:07:48","slug":"histoire","status":"publish","type":"page","link":"https:\/\/www.wtcdehoek.be\/fr\/club\/histoire\/","title":{"rendered":"HISTOIRE"},"content":{"rendered":"<p><div class=\"fusion-fullwidth fullwidth-box fusion-builder-row-1 fusion-parallax-none nonhundred-percent-fullwidth non-hundred-percent-height-scrolling\" style=\"--awb-border-radius-top-left:0px;--awb-border-radius-top-right:0px;--awb-border-radius-bottom-right:0px;--awb-border-radius-bottom-left:0px;--awb-padding-top:6%;--awb-padding-bottom:6%;--awb-background-image:url(&quot;https:\/\/www.wtcdehoek.be\/wp-content\/uploads\/2022\/05\/Groep-crop-Groot-scaled.jpg&quot;);--awb-background-size:cover;--awb-flex-wrap:wrap;\" ><div class=\"fusion-builder-row fusion-row\"><div class=\"fusion-layout-column fusion_builder_column fusion-builder-column-0 fusion_builder_column_1_1 1_1 fusion-one-full fusion-column-first fusion-column-last fusion-animated\" style=\"--awb-bg-size:cover;--awb-margin-bottom:0px;\" data-animationType=\"fadeInDown\" data-animationDuration=\"0.9\" data-animationOffset=\"top-into-view\"><div class=\"fusion-column-wrapper fusion-column-has-shadow fusion-flex-column-wrapper-legacy\"><div class=\"fusion-title title fusion-title-1 fusion-sep-none fusion-title-center fusion-title-text fusion-title-size-one\" style=\"--awb-text-color:#ffffff;--awb-margin-bottom:10px;--awb-margin-bottom-small:10px;--awb-font-size:90px;\"><h1 class=\"fusion-title-heading title-heading-center fusion-responsive-typography-calculated\" style=\"margin:0;font-size:1em;--fontSize:90;line-height:1.1;\">WTC De Hoek<\/h1><\/div><div class=\"fusion-title title fusion-title-2 fusion-sep-none fusion-title-center fusion-title-text fusion-title-size-two\" style=\"--awb-text-color:#ffffff;--awb-margin-bottom:0px;--awb-margin-bottom-small:0px;--awb-font-size:21px;\"><h2 class=\"fusion-title-heading title-heading-center fusion-responsive-typography-calculated\" style=\"margin:0;font-size:1em;--fontSize:21;--minFontSize:21;line-height:1.5;\">\u00c0 PROPOS DE NOUS<\/h2><\/div><div class=\"fusion-clearfix\"><\/div><\/div><\/div><\/div><\/div><div class=\"fusion-fullwidth fullwidth-box fusion-builder-row-2 nonhundred-percent-fullwidth non-hundred-percent-height-scrolling\" style=\"--awb-background-position:left top;--awb-border-radius-top-left:0px;--awb-border-radius-top-right:0px;--awb-border-radius-bottom-right:0px;--awb-border-radius-bottom-left:0px;--awb-padding-top:70px;--awb-padding-bottom:35px;--awb-flex-wrap:wrap;\" ><div class=\"fusion-builder-row fusion-row\"><div class=\"fusion-layout-column fusion_builder_column fusion-builder-column-1 fusion_builder_column_1_1 1_1 fusion-one-full fusion-column-first fusion-column-last fusion-animated\" style=\"--awb-padding-bottom:40px;--awb-bg-size:cover;--awb-margin-bottom:0px;\" data-animationType=\"fadeInUp\" data-animationDuration=\"1.0\" data-animationOffset=\"top-into-view\"><div class=\"fusion-column-wrapper fusion-column-has-shadow fusion-flex-column-wrapper-legacy\"><div class=\"fusion-image-element fusion-image-align-center in-legacy-container\" style=\"text-align:center;--awb-caption-title-font-family:var(--h2_typography-font-family);--awb-caption-title-font-weight:var(--h2_typography-font-weight);--awb-caption-title-font-style:var(--h2_typography-font-style);--awb-caption-title-size:var(--h2_typography-font-size);--awb-caption-title-transform:var(--h2_typography-text-transform);--awb-caption-title-line-height:var(--h2_typography-line-height);--awb-caption-title-letter-spacing:var(--h2_typography-letter-spacing);\"><div class=\"imageframe-align-center\"><span class=\" fusion-imageframe imageframe-none imageframe-1 hover-type-none\"><img decoding=\"async\" width=\"300\" height=\"300\" title=\"Logo_1973\" src=\"https:\/\/www.wtcdehoek.be\/wp-content\/uploads\/2020\/06\/Logo_1973-300x300.jpg\" alt class=\"img-responsive wp-image-3716\" srcset=\"https:\/\/www.wtcdehoek.be\/wp-content\/uploads\/2020\/06\/Logo_1973-200x200.jpg 200w, https:\/\/www.wtcdehoek.be\/wp-content\/uploads\/2020\/06\/Logo_1973.jpg 300w\" sizes=\"(max-width: 800px) 100vw, 300px\" \/><\/span><\/div><\/div><div class=\"fusion-sep-clear\"><\/div><div class=\"fusion-separator fusion-full-width-sep\" style=\"margin-left: auto;margin-right: auto;margin-top:20px;width:100%;\"><\/div><div class=\"fusion-sep-clear\"><\/div><div class=\"fusion-title title fusion-title-3 fusion-sep-none fusion-title-center fusion-title-text fusion-title-size-two\" style=\"--awb-margin-bottom:0px;--awb-margin-bottom-small:0px;\"><h2 class=\"fusion-title-heading title-heading-center fusion-responsive-typography-calculated\" style=\"margin:0;--fontSize:30;line-height:1.5;\">&#8230; sur la route depuis plus de 50 ans !<\/h2><\/div><div class=\"fusion-clearfix\"><\/div><\/div><\/div><div class=\"fusion-layout-column fusion_builder_column fusion-builder-column-2 fusion_builder_column_1_2 1_2 fusion-one-half fusion-column-first fusion-animated\" style=\"--awb-padding-right:40px;--awb-padding-left:40px;--awb-bg-size:cover;width:50%;width:calc(50% - ( ( 4% ) * 0.5 ) );margin-right: 4%;\" data-animationType=\"fadeInLeft\" data-animationDuration=\"1.0\" data-animationOffset=\"top-into-view\"><div class=\"fusion-column-wrapper fusion-column-has-shadow fusion-flex-column-wrapper-legacy\"><div class=\"fusion-text fusion-text-1\" style=\"--awb-text-transform:none;\"><p>Apr\u00e8s l&rsquo;euphorie des \u00ab golden sixties \u00bb, avec la v\u00e9ritable perc\u00e9e de la voiture, la sobri\u00e9t\u00e9 est venue au d\u00e9but des ann\u00e9es 1970. La fameuse crise p\u00e9troli\u00e8re d\u00e9clenche un v\u00e9ritable engouement pour le \u00ab retour \u00e0 la nature \u00bb. Stimul\u00e9s par les performances d&rsquo;Eddy Merckx, l&rsquo;homme qui a appris \u00e0 son peuple \u00e0 faire du v\u00e9lo, les clubs de cyclotourisme ont pouss\u00e9 comme des champignons dans la premi\u00e8re moiti\u00e9 des ann\u00e9es 1970. Il \u00e9tait de nouveau \u00ab tendance \u00bb de parcourir la nature en solitaire.<\/p>\n<p>C&rsquo;est ainsi qu&rsquo;en 1973, entre un pot et une pinte, le club de cyclotourisme WTC De Hoek \u00e0 Rode a vu le jour. Le premier pr\u00e9sident \u00e9tait Henry \u00ab Stella \u00bb Steenhouwer et le premier secr\u00e9taire Julien Sergeys.<\/p>\n<\/div><div class=\"fusion-clearfix\"><\/div><\/div><\/div><div class=\"fusion-layout-column fusion_builder_column fusion-builder-column-3 fusion_builder_column_1_2 1_2 fusion-one-half fusion-column-last fusion-animated\" style=\"--awb-padding-right:40px;--awb-padding-left:40px;--awb-bg-size:cover;width:50%;width:calc(50% - ( ( 4% ) * 0.5 ) );\" data-animationType=\"fadeInRight\" data-animationDuration=\"1.0\" data-animationOffset=\"top-into-view\"><div class=\"fusion-column-wrapper fusion-column-has-shadow fusion-flex-column-wrapper-legacy\"><div class=\"fusion-text fusion-text-2\" style=\"--awb-text-transform:none;\"><p>Depuis sa cr\u00e9ation, notre club a toujours su faire pr\u00e9valoir la camaraderie au sein de l&rsquo;\u00e9quipe.<\/p>\n<p>Avec nos 4 groupes, et chacun leur rythme, vous pouvez donc commencer jeune et construire une longue carri\u00e8re au sein du club&#8230;<\/p>\n<p>Apr\u00e8s toutes ces ann\u00e9es, le succ\u00e8s du WTC De Hoek peut \u00eatre mesur\u00e9 par le nombre de membres du club, et par ses propres activit\u00e9s (tant sportives que sociales).<\/p>\n<p>Sans perdre de vue l&rsquo;objectif initial : le cyclisme dans la nature, avec l&rsquo;int\u00e9gration dans la vie du club, y compris les contacts sociaux n\u00e9cessaires.<\/p>\n<\/div><div class=\"fusion-clearfix\"><\/div><\/div><\/div><\/div><\/div><div class=\"fusion-fullwidth fullwidth-box fusion-builder-row-3 fusion-parallax-none nonhundred-percent-fullwidth non-hundred-percent-height-scrolling\" style=\"--awb-background-position:center bottom;--awb-border-radius-top-left:0px;--awb-border-radius-top-right:0px;--awb-border-radius-bottom-right:0px;--awb-border-radius-bottom-left:0px;--awb-padding-top:6%;--awb-padding-bottom:3%;--awb-background-image:url(&quot;https:\/\/www.wtcdehoek.be\/wp-content\/uploads\/2020\/07\/cycling-655565_1920.jpg&quot;);--awb-background-size:cover;--awb-flex-wrap:wrap;\" ><div class=\"fusion-builder-row fusion-row\"><div class=\"fusion-layout-column fusion_builder_column fusion-builder-column-4 fusion_builder_column_1_1 1_1 fusion-one-full fusion-column-first fusion-column-last fusion-animated\" style=\"--awb-bg-size:cover;\" data-animationType=\"fadeInUp\" data-animationDuration=\"1.0\" data-animationOffset=\"top-into-view\"><div class=\"fusion-column-wrapper fusion-column-has-shadow fusion-flex-column-wrapper-legacy\"><div class=\"fusion-title title fusion-title-4 fusion-sep-none fusion-title-center fusion-title-text fusion-title-size-two\" style=\"--awb-text-color:#ffffff;--awb-margin-bottom:0px;--awb-margin-bottom-small:0px;\"><h2 class=\"fusion-title-heading title-heading-center fusion-responsive-typography-calculated\" style=\"margin:0;--fontSize:30;line-height:1.5;\">NOS SPONSORS<\/h2><\/div><div class=\"fusion-clearfix\"><\/div><\/div><\/div><div class=\"fusion-layout-column fusion_builder_column fusion-builder-column-5 fusion_builder_column_1_6 1_6 fusion-one-sixth fusion-column-first fusion-no-small-visibility fusion-no-medium-visibility fusion-animated\" style=\"--awb-bg-size:cover;width:16.666666666667%;width:calc(16.666666666667% - ( ( 4% + 4% + 4% ) * 0.16666666666667 ) );margin-right: 4%;\" data-animationType=\"fadeInDown\" data-animationDuration=\"1.0\" data-animationOffset=\"top-into-view\"><div class=\"fusion-column-wrapper fusion-column-has-shadow fusion-flex-column-wrapper-legacy\"><div class=\"fusion-clearfix\"><\/div><\/div><\/div><div class=\"fusion-layout-column fusion_builder_column fusion-builder-column-6 fusion_builder_column_1_3 1_3 fusion-one-third fusion-no-small-visibility fusion-no-medium-visibility fusion-animated\" style=\"--awb-padding-top:45px;--awb-padding-bottom:45px;--awb-bg-size:cover;width:33.333333333333%;width:calc(33.333333333333% - ( ( 4% + 4% + 4% ) * 0.33333333333333 ) );margin-right: 4%;\" data-animationType=\"fadeInUp\" data-animationDuration=\"1.0\" data-animationOffset=\"top-into-view\"><div class=\"fusion-column-wrapper fusion-column-has-shadow fusion-flex-column-wrapper-legacy\"><div class=\"fusion-image-element in-legacy-container\" style=\"--awb-caption-title-font-family:var(--h2_typography-font-family);--awb-caption-title-font-weight:var(--h2_typography-font-weight);--awb-caption-title-font-style:var(--h2_typography-font-style);--awb-caption-title-size:var(--h2_typography-font-size);--awb-caption-title-transform:var(--h2_typography-text-transform);--awb-caption-title-line-height:var(--h2_typography-line-height);--awb-caption-title-letter-spacing:var(--h2_typography-letter-spacing);\"><span class=\" fusion-imageframe imageframe-none imageframe-2 hover-type-none\"><a class=\"fusion-no-lightbox\" href=\"https:\/\/www.emsolar.be\/\" target=\"_blank\" aria-label=\"emsolar-logo-g\" rel=\"noopener noreferrer\"><img decoding=\"async\" width=\"300\" height=\"107\" src=\"https:\/\/www.wtcdehoek.be\/wp-content\/uploads\/2021\/11\/emsolar-logo-g-1-300x107.png\" alt class=\"img-responsive wp-image-5000\" srcset=\"https:\/\/www.wtcdehoek.be\/wp-content\/uploads\/2021\/11\/emsolar-logo-g-1-200x71.png 200w, https:\/\/www.wtcdehoek.be\/wp-content\/uploads\/2021\/11\/emsolar-logo-g-1-400x143.png 400w, https:\/\/www.wtcdehoek.be\/wp-content\/uploads\/2021\/11\/emsolar-logo-g-1-600x214.png 600w, https:\/\/www.wtcdehoek.be\/wp-content\/uploads\/2021\/11\/emsolar-logo-g-1-800x285.png 800w, https:\/\/www.wtcdehoek.be\/wp-content\/uploads\/2021\/11\/emsolar-logo-g-1.png 894w\" sizes=\"(max-width: 800px) 100vw, 400px\" \/><\/a><\/span><\/div><div class=\"fusion-clearfix\"><\/div><\/div><\/div><div class=\"fusion-layout-column fusion_builder_column fusion-builder-column-7 fusion_builder_column_1_3 1_3 fusion-one-third fusion-no-small-visibility fusion-no-medium-visibility fusion-animated\" style=\"--awb-bg-size:cover;width:33.333333333333%;width:calc(33.333333333333% - ( ( 4% + 4% + 4% ) * 0.33333333333333 ) );margin-right: 4%;\" data-animationType=\"fadeInUp\" data-animationDuration=\"1.0\" data-animationOffset=\"top-into-view\"><div class=\"fusion-column-wrapper fusion-column-has-shadow fusion-flex-column-wrapper-legacy\"><div class=\"fusion-image-element in-legacy-container\" style=\"--awb-caption-title-font-family:var(--h2_typography-font-family);--awb-caption-title-font-weight:var(--h2_typography-font-weight);--awb-caption-title-font-style:var(--h2_typography-font-style);--awb-caption-title-size:var(--h2_typography-font-size);--awb-caption-title-transform:var(--h2_typography-text-transform);--awb-caption-title-line-height:var(--h2_typography-line-height);--awb-caption-title-letter-spacing:var(--h2_typography-letter-spacing);\"><span class=\" fusion-imageframe imageframe-none imageframe-3 hover-type-none\"><a class=\"fusion-no-lightbox\" href=\"https:\/\/www.groupollivier.be\/\" target=\"_blank\" aria-label=\"do-group-ollivier\" rel=\"noopener noreferrer\"><img decoding=\"async\" width=\"300\" height=\"97\" src=\"https:\/\/www.wtcdehoek.be\/wp-content\/uploads\/2024\/03\/do-group-ollivier.png\" alt class=\"img-responsive wp-image-5098\" srcset=\"https:\/\/www.wtcdehoek.be\/wp-content\/uploads\/2024\/03\/do-group-ollivier-200x65.png 200w, https:\/\/www.wtcdehoek.be\/wp-content\/uploads\/2024\/03\/do-group-ollivier.png 300w\" sizes=\"(max-width: 800px) 100vw, 300px\" \/><\/a><\/span><\/div><div class=\"fusion-clearfix\"><\/div><\/div><\/div><div class=\"fusion-layout-column fusion_builder_column fusion-builder-column-8 fusion_builder_column_1_6 1_6 fusion-one-sixth fusion-column-last fusion-no-small-visibility fusion-no-medium-visibility fusion-animated\" style=\"--awb-bg-size:cover;width:16.666666666667%;width:calc(16.666666666667% - ( ( 4% + 4% + 4% ) * 0.16666666666667 ) );\" data-animationType=\"fadeInUp\" data-animationDuration=\"1.0\" data-animationOffset=\"top-into-view\"><div class=\"fusion-column-wrapper fusion-column-has-shadow fusion-flex-column-wrapper-legacy\"><div class=\"fusion-clearfix\"><\/div><\/div><\/div><\/div><\/div><\/p>\n","protected":false},"excerpt":{"rendered":"","protected":false},"author":1,"featured_media":0,"parent":5119,"menu_order":0,"comment_status":"closed","ping_status":"closed","template":"100-width.php","meta":{"footnotes":""},"class_list":["post-5138","page","type-page","status-publish","hentry"],"_links":{"self":[{"href":"https:\/\/www.wtcdehoek.be\/fr\/wp-json\/wp\/v2\/pages\/5138","targetHints":{"allow":["GET"]}}],"collection":[{"href":"https:\/\/www.wtcdehoek.be\/fr\/wp-json\/wp\/v2\/pages"}],"about":[{"href":"https:\/\/www.wtcdehoek.be\/fr\/wp-json\/wp\/v2\/types\/page"}],"author":[{"embeddable":true,"href":"https:\/\/www.wtcdehoek.be\/fr\/wp-json\/wp\/v2\/users\/1"}],"replies":[{"embeddable":true,"href":"https:\/\/www.wtcdehoek.be\/fr\/wp-json\/wp\/v2\/comments?post=5138"}],"version-history":[{"count":5,"href":"https:\/\/www.wtcdehoek.be\/fr\/wp-json\/wp\/v2\/pages\/5138\/revisions"}],"predecessor-version":[{"id":5273,"href":"https:\/\/www.wtcdehoek.be\/fr\/wp-json\/wp\/v2\/pages\/5138\/revisions\/5273"}],"up":[{"embeddable":true,"href":"https:\/\/www.wtcdehoek.be\/fr\/wp-json\/wp\/v2\/pages\/5119"}],"wp:attachment":[{"href":"https:\/\/www.wtcdehoek.be\/fr\/wp-json\/wp\/v2\/media?parent=5138"}],"curies":[{"name":"wp","href":"https:\/\/api.w.org\/{rel}","templated":true}]}}